{"id":15,"date":"2024-09-03T21:11:55","date_gmt":"2024-09-03T19:11:55","guid":{"rendered":"http:\/\/kierunekaktywnosc.cityschool.pl\/?page_id=15"},"modified":"2025-07-31T15:49:02","modified_gmt":"2025-07-31T13:49:02","slug":"rekrutacja","status":"publish","type":"page","link":"http:\/\/kierunekaktywnosc.cityschool.pl\/?page_id=15","title":{"rendered":"REKRUTACJA"},"content":{"rendered":"\n<p><strong>REKRUTACJA UCZESTNIK\u00d3W<\/strong><\/p>\n\n\n\n<p>Rekrutacja uczestnik\u00f3w b\u0119dzie ci\u0105g\u0142a, bezpo\u015brednia, otwarta &nbsp;i rzetelna prowadzona na terenie woj. lubelskiego, &nbsp;w okresie od 08-12.2024 lub do momentu zrekrutowania 60 os\u00f3b.<\/p>\n\n\n\n<p><strong>Grupa docelowa<\/strong>: <br>Grup\u0119 docelow\u0105 projektu stanowi 60 os\u00f3b doros\u0142ych (36 kobiet, 24 m\u0119\u017cczyzn), wykluczonych spo\u0142ecznie lub zagro\u017conych ub\u00f3stwem\/ wykluczeniem spo\u0142ecznym, pozostaj\u0105cych bez zatrudnienia, mieszkaj\u0105cych na terenie WL w rozumieniu przepis\u00f3w kodeksu cywilnego.<\/p>\n\n\n\n<p><em><u>Szczeg\u00f3\u0142owy podzia\u0142 grupy docelowej:<\/u><\/em><\/p>\n\n\n\n<ol class=\"wp-block-list\">\n<li>50 &nbsp;os\u00f3b biernych zawodowo (30 kobiet, 20 m\u0119\u017cczyzn);<\/li>\n\n\n\n<li>10 os\u00f3b bezrobotnych (6 kobiet, 4 m\u0119\u017cczyzn); w tym:<\/li>\n\n\n\n<li>co najmniej 3 osoby d\u0142ugotrwale bezrobotne (2 kobiety, 1 m\u0119\u017cczyzna);<\/li>\n<\/ol>\n\n\n\n<p><strong>Dodatkowo:<\/strong><\/p>\n\n\n\n<ol style=\"list-style-type:lower-alpha\" class=\"wp-block-list\">\n<li>6 os\u00f3b zamieszkuj\u0105cych na obszarze Gminnego Programu Rewitalizacji dla Lublina na lata 2023-2030 (4 kobiety, 2 m\u0119\u017cczyzn);<\/li>\n\n\n\n<li>3 osoby w wieku 18-29 lat (2 kobiety, 1 m\u0119\u017cczyzn);<br>Co najmniej 10% w\/w stanowi\u0105 osoby z niepe\u0142nosprawno\u015bciami.<\/li>\n<\/ol>\n\n\n\n<hr class=\"wp-block-separator has-alpha-channel-opacity\"\/>\n\n\n\n<div data-wp-interactive=\"core\/file\" class=\"wp-block-file\"><object data-wp-bind--hidden=\"!state.hasPdfPreview\" hidden class=\"wp-block-file__embed\" data=\"http:\/\/kierunekaktywnosc.cityschool.pl\/wp-content\/uploads\/2024\/09\/Regulamin-projektu-Kierunek-aktywnosc.pdf\" type=\"application\/pdf\" style=\"width:100%;height:200px\" aria-label=\"Embed of Regulamin projektu - Kierunek aktywno\u015b\u0107.\"><\/object><a id=\"wp-block-file--media-c0f0633d-6c33-470a-8b9e-6c97a55bd67c\" href=\"http:\/\/kierunekaktywnosc.cityschool.pl\/wp-content\/uploads\/2024\/09\/Regulamin-projektu-Kierunek-aktywnosc.pdf\">Regulamin projektu &#8211; Kierunek aktywno\u015b\u0107<\/a><a href=\"http:\/\/kierunekaktywnosc.cityschool.pl\/wp-content\/uploads\/2024\/09\/Regulamin-projektu-Kierunek-aktywnosc.pdf\" class=\"wp-block-file__button wp-element-button\" download aria-describedby=\"wp-block-file--media-c0f0633d-6c33-470a-8b9e-6c97a55bd67c\">Pobierz<\/a><\/div>\n\n\n\n<div data-wp-interactive=\"core\/file\" class=\"wp-block-file\"><object data-wp-bind--hidden=\"!state.hasPdfPreview\" hidden class=\"wp-block-file__embed\" data=\"http:\/\/kierunekaktywnosc.cityschool.pl\/wp-content\/uploads\/2025\/07\/Regulamin-projektu-Kierunek-aktywnosc-30.06.2025-1.pdf\" type=\"application\/pdf\" style=\"width:100%;height:200px\" aria-label=\"Embed of Regulamin projektu - Kierunek aktywno\u015b\u0107 30.06.2025.\"><\/object><a id=\"wp-block-file--media-756e86d9-a95f-4af3-a2ad-d51cc42e9f06\" href=\"http:\/\/kierunekaktywnosc.cityschool.pl\/wp-content\/uploads\/2025\/07\/Regulamin-projektu-Kierunek-aktywnosc-30.06.2025-1.pdf\">Regulamin projektu &#8211; Kierunek aktywno\u015b\u0107 30.06.2025<\/a><a href=\"http:\/\/kierunekaktywnosc.cityschool.pl\/wp-content\/uploads\/2025\/07\/Regulamin-projektu-Kierunek-aktywnosc-30.06.2025-1.pdf\" class=\"wp-block-file__button wp-element-button\" download aria-describedby=\"wp-block-file--media-756e86d9-a95f-4af3-a2ad-d51cc42e9f06\">Pobierz<\/a><\/div>\n\n\n\n<div data-wp-interactive=\"core\/file\" class=\"wp-block-file\"><object data-wp-bind--hidden=\"!state.hasPdfPreview\" hidden class=\"wp-block-file__embed\" data=\"http:\/\/kierunekaktywnosc.cityschool.pl\/wp-content\/uploads\/2024\/09\/Zal.-nr-2-do-Regulaminu-Kwestionariusz-zgloszeniowy.pdf\" type=\"application\/pdf\" style=\"width:100%;height:200px\" aria-label=\"Embed of Za\u0142. nr 2 do Regulaminu - Kwestionariusz zg\u0142oszeniowy.\"><\/object><a id=\"wp-block-file--media-0243b96a-74fb-46ec-92e6-fdf6ad70f1cc\" href=\"http:\/\/kierunekaktywnosc.cityschool.pl\/wp-content\/uploads\/2024\/09\/Zal.-nr-2-do-Regulaminu-Kwestionariusz-zgloszeniowy.pdf\">Za\u0142. nr 2 do Regulaminu &#8211; Kwestionariusz zg\u0142oszeniowy<\/a><a href=\"http:\/\/kierunekaktywnosc.cityschool.pl\/wp-content\/uploads\/2024\/09\/Zal.-nr-2-do-Regulaminu-Kwestionariusz-zgloszeniowy.pdf\" class=\"wp-block-file__button wp-element-button\" download aria-describedby=\"wp-block-file--media-0243b96a-74fb-46ec-92e6-fdf6ad70f1cc\">Pobierz<\/a><\/div>\n\n\n\n<div data-wp-interactive=\"core\/file\" class=\"wp-block-file\"><object data-wp-bind--hidden=\"!state.hasPdfPreview\" hidden class=\"wp-block-file__embed\" data=\"http:\/\/kierunekaktywnosc.cityschool.pl\/wp-content\/uploads\/2024\/09\/Zal.-nr-1-do-Kwestionariusza-zgloszeniowego-Ankieta-dla-OzN.pdf\" type=\"application\/pdf\" style=\"width:100%;height:200px\" aria-label=\"Embed of Za\u0142. nr 1 do Kwestionariusza zg\u0142oszeniowego - Ankieta dla OzN.\"><\/object><a id=\"wp-block-file--media-b10e46ef-2c17-4b00-a549-180e778a9378\" href=\"http:\/\/kierunekaktywnosc.cityschool.pl\/wp-content\/uploads\/2024\/09\/Zal.-nr-1-do-Kwestionariusza-zgloszeniowego-Ankieta-dla-OzN.pdf\">Za\u0142. nr 1 do Kwestionariusza zg\u0142oszeniowego &#8211; Ankieta dla OzN<\/a><a href=\"http:\/\/kierunekaktywnosc.cityschool.pl\/wp-content\/uploads\/2024\/09\/Zal.-nr-1-do-Kwestionariusza-zgloszeniowego-Ankieta-dla-OzN.pdf\" class=\"wp-block-file__button wp-element-button\" download aria-describedby=\"wp-block-file--media-b10e46ef-2c17-4b00-a549-180e778a9378\">Pobierz<\/a><\/div>\n\n\n\n<div data-wp-interactive=\"core\/file\" class=\"wp-block-file\"><object data-wp-bind--hidden=\"!state.hasPdfPreview\" hidden class=\"wp-block-file__embed\" data=\"http:\/\/kierunekaktywnosc.cityschool.pl\/wp-content\/uploads\/2024\/12\/Zal.-nr-2-do-Kwestionariusza-zgloszeniowego-Oswiadczenie-o-statusie-osoby-wykluczonej-spolecznie.pdf\" type=\"application\/pdf\" style=\"width:100%;height:200px\" aria-label=\"Embed of Za\u0142. nr 2 do Kwestionariusza zg\u0142oszeniowego - O\u015bwiadczenie o statusie osoby wykluczonej spo\u0142ecznie.\"><\/object><a id=\"wp-block-file--media-460770da-0e71-4462-915d-0fc1637ee75e\" href=\"http:\/\/kierunekaktywnosc.cityschool.pl\/wp-content\/uploads\/2024\/12\/Zal.-nr-2-do-Kwestionariusza-zgloszeniowego-Oswiadczenie-o-statusie-osoby-wykluczonej-spolecznie.pdf\">Za\u0142. nr 2 do Kwestionariusza zg\u0142oszeniowego &#8211; O\u015bwiadczenie o statusie osoby wykluczonej spo\u0142ecznie<\/a><a href=\"http:\/\/kierunekaktywnosc.cityschool.pl\/wp-content\/uploads\/2024\/12\/Zal.-nr-2-do-Kwestionariusza-zgloszeniowego-Oswiadczenie-o-statusie-osoby-wykluczonej-spolecznie.pdf\" class=\"wp-block-file__button wp-element-button\" download aria-describedby=\"wp-block-file--media-460770da-0e71-4462-915d-0fc1637ee75e\">Pobierz<\/a><\/div>\n\n\n\n<div data-wp-interactive=\"core\/file\" class=\"wp-block-file\"><object data-wp-bind--hidden=\"!state.hasPdfPreview\" hidden class=\"wp-block-file__embed\" data=\"http:\/\/kierunekaktywnosc.cityschool.pl\/wp-content\/uploads\/2024\/09\/Umowa-Uczestnictwa-Kierunek-aktywnosc.pdf\" type=\"application\/pdf\" style=\"width:100%;height:200px\" aria-label=\"Embed of Za\u0142. nr 3 do Kwestionariusza zg\u0142oszeniowego - Umowa Uczestnictwa .\"><\/object><a id=\"wp-block-file--media-30b5c003-b11b-4579-9d22-2f5cb0fe51ea\" href=\"http:\/\/kierunekaktywnosc.cityschool.pl\/wp-content\/uploads\/2024\/09\/Umowa-Uczestnictwa-Kierunek-aktywnosc.pdf\">Za\u0142. nr 3 do Kwestionariusza zg\u0142oszeniowego &#8211; Umowa Uczestnictwa <\/a><a href=\"http:\/\/kierunekaktywnosc.cityschool.pl\/wp-content\/uploads\/2024\/09\/Umowa-Uczestnictwa-Kierunek-aktywnosc.pdf\" class=\"wp-block-file__button wp-element-button\" download aria-describedby=\"wp-block-file--media-30b5c003-b11b-4579-9d22-2f5cb0fe51ea\">Pobierz<\/a><\/div>\n\n\n\n<div data-wp-interactive=\"core\/file\" class=\"wp-block-file\"><object data-wp-bind--hidden=\"!state.hasPdfPreview\" hidden class=\"wp-block-file__embed\" data=\"http:\/\/kierunekaktywnosc.cityschool.pl\/wp-content\/uploads\/2024\/09\/Oswiadczenie-RODO.pdf\" type=\"application\/pdf\" style=\"width:100%;height:200px\" aria-label=\"Embed of Za\u0142. nr 1 do Umowy uczestnictwa - O\u015bwiadczenie RODO.\"><\/object><a id=\"wp-block-file--media-b99ce7f8-2d4e-4b45-aae7-dcc59d078cc6\" href=\"http:\/\/kierunekaktywnosc.cityschool.pl\/wp-content\/uploads\/2024\/09\/Oswiadczenie-RODO.pdf\">Za\u0142. nr 1 do Umowy uczestnictwa &#8211; O\u015bwiadczenie RODO<\/a><a href=\"http:\/\/kierunekaktywnosc.cityschool.pl\/wp-content\/uploads\/2024\/09\/Oswiadczenie-RODO.pdf\" class=\"wp-block-file__button wp-element-button\" download aria-describedby=\"wp-block-file--media-b99ce7f8-2d4e-4b45-aae7-dcc59d078cc6\">Pobierz<\/a><\/div>\n\n\n\n<div data-wp-interactive=\"core\/file\" class=\"wp-block-file\"><object data-wp-bind--hidden=\"!state.hasPdfPreview\" hidden class=\"wp-block-file__embed\" data=\"http:\/\/kierunekaktywnosc.cityschool.pl\/wp-content\/uploads\/2024\/09\/Zal.-nr-4-do-Regulaminu-Wykaz-GPR.pdf\" type=\"application\/pdf\" style=\"width:100%;height:200px\" aria-label=\"Embed of Za\u0142. nr 4 do Regulaminu - Wykaz GPR.\"><\/object><a id=\"wp-block-file--media-d97125dd-8891-457a-9437-f8ef13ab94a9\" href=\"http:\/\/kierunekaktywnosc.cityschool.pl\/wp-content\/uploads\/2024\/09\/Zal.-nr-4-do-Regulaminu-Wykaz-GPR.pdf\">Za\u0142. nr 4 do Regulaminu &#8211; Wykaz GPR<\/a><a href=\"http:\/\/kierunekaktywnosc.cityschool.pl\/wp-content\/uploads\/2024\/09\/Zal.-nr-4-do-Regulaminu-Wykaz-GPR.pdf\" class=\"wp-block-file__button wp-element-button\" download aria-describedby=\"wp-block-file--media-d97125dd-8891-457a-9437-f8ef13ab94a9\">Pobierz<\/a><\/div>\n\n\n\n<div data-wp-interactive=\"core\/file\" class=\"wp-block-file\"><object data-wp-bind--hidden=\"!state.hasPdfPreview\" hidden class=\"wp-block-file__embed\" data=\"http:\/\/kierunekaktywnosc.cityschool.pl\/wp-content\/uploads\/2024\/09\/Oswiadczenie-o-niekorzystaniu-z-innego-projektu-EFS.pdf\" type=\"application\/pdf\" style=\"width:100%;height:200px\" aria-label=\"Embed of O\u015bwiadczenie o niekorzystaniu z innego projektu EFS+.\"><\/object><a id=\"wp-block-file--media-e9090678-d206-4529-b6f8-e3320e7e2383\" href=\"http:\/\/kierunekaktywnosc.cityschool.pl\/wp-content\/uploads\/2024\/09\/Oswiadczenie-o-niekorzystaniu-z-innego-projektu-EFS.pdf\">O\u015bwiadczenie o niekorzystaniu z innego projektu EFS+<\/a><a href=\"http:\/\/kierunekaktywnosc.cityschool.pl\/wp-content\/uploads\/2024\/09\/Oswiadczenie-o-niekorzystaniu-z-innego-projektu-EFS.pdf\" class=\"wp-block-file__button wp-element-button\" download aria-describedby=\"wp-block-file--media-e9090678-d206-4529-b6f8-e3320e7e2383\">Pobierz<\/a><\/div>\n\n\n\n<div data-wp-interactive=\"core\/file\" class=\"wp-block-file\"><object data-wp-bind--hidden=\"!state.hasPdfPreview\" hidden class=\"wp-block-file__embed\" data=\"http:\/\/kierunekaktywnosc.cityschool.pl\/wp-content\/uploads\/2024\/09\/Oswiadczenie-o-zamieszkiwaniu-na-obszarze-objetym-GPR.pdf\" type=\"application\/pdf\" style=\"width:100%;height:200px\" aria-label=\"Embed of O\u015bwiadczenie o zamieszkiwaniu na obszarze obj\u0119tym GPR.\"><\/object><a id=\"wp-block-file--media-177577fe-1153-4f6d-92e9-af603551e3cf\" href=\"http:\/\/kierunekaktywnosc.cityschool.pl\/wp-content\/uploads\/2024\/09\/Oswiadczenie-o-zamieszkiwaniu-na-obszarze-objetym-GPR.pdf\">O\u015bwiadczenie o zamieszkiwaniu na obszarze obj\u0119tym GPR<\/a><a href=\"http:\/\/kierunekaktywnosc.cityschool.pl\/wp-content\/uploads\/2024\/09\/Oswiadczenie-o-zamieszkiwaniu-na-obszarze-objetym-GPR.pdf\" class=\"wp-block-file__button wp-element-button\" download aria-describedby=\"wp-block-file--media-177577fe-1153-4f6d-92e9-af603551e3cf\">Pobierz<\/a><\/div>\n\n\n\n<div data-wp-interactive=\"core\/file\" class=\"wp-block-file\"><object data-wp-bind--hidden=\"!state.hasPdfPreview\" hidden class=\"wp-block-file__embed\" data=\"http:\/\/kierunekaktywnosc.cityschool.pl\/wp-content\/uploads\/2024\/09\/Oswiadczenie-o-zobowiazaniu-przekazania-informacji-po-zakonczeniu-udzialu-w-projekcie.pdf\" type=\"application\/pdf\" style=\"width:100%;height:200px\" aria-label=\"Embed of O\u015bwiadczenie o zobowi\u0105zaniu przekazania informacji po zako\u0144czeniu udzia\u0142u w projekcie.\"><\/object><a id=\"wp-block-file--media-468b70c3-ee82-4279-aabd-999fa0538043\" href=\"http:\/\/kierunekaktywnosc.cityschool.pl\/wp-content\/uploads\/2024\/09\/Oswiadczenie-o-zobowiazaniu-przekazania-informacji-po-zakonczeniu-udzialu-w-projekcie.pdf\">O\u015bwiadczenie o zobowi\u0105zaniu przekazania informacji po zako\u0144czeniu udzia\u0142u w projekcie<\/a><a href=\"http:\/\/kierunekaktywnosc.cityschool.pl\/wp-content\/uploads\/2024\/09\/Oswiadczenie-o-zobowiazaniu-przekazania-informacji-po-zakonczeniu-udzialu-w-projekcie.pdf\" class=\"wp-block-file__button wp-element-button\" download aria-describedby=\"wp-block-file--media-468b70c3-ee82-4279-aabd-999fa0538043\">Pobierz<\/a><\/div>\n\n\n\n<div data-wp-interactive=\"core\/file\" class=\"wp-block-file\"><object data-wp-bind--hidden=\"!state.hasPdfPreview\" hidden class=\"wp-block-file__embed\" data=\"http:\/\/kierunekaktywnosc.cityschool.pl\/wp-content\/uploads\/2024\/09\/Oswiadczenie-dni-wolne.pdf\" type=\"application\/pdf\" style=\"width:100%;height:200px\" aria-label=\"Embed of O\u015bwiadczenie dni wolne.\"><\/object><a id=\"wp-block-file--media-94ebe42c-5dfd-479a-95d5-8f4c0c8f54d8\" href=\"http:\/\/kierunekaktywnosc.cityschool.pl\/wp-content\/uploads\/2024\/09\/Oswiadczenie-dni-wolne.pdf\">O\u015bwiadczenie dni wolne<\/a><a href=\"http:\/\/kierunekaktywnosc.cityschool.pl\/wp-content\/uploads\/2024\/09\/Oswiadczenie-dni-wolne.pdf\" class=\"wp-block-file__button wp-element-button\" download aria-describedby=\"wp-block-file--media-94ebe42c-5dfd-479a-95d5-8f4c0c8f54d8\">Pobierz<\/a><\/div>\n\n\n\n<div data-wp-interactive=\"core\/file\" class=\"wp-block-file\"><object data-wp-bind--hidden=\"!state.hasPdfPreview\" hidden class=\"wp-block-file__embed\" data=\"http:\/\/kierunekaktywnosc.cityschool.pl\/wp-content\/uploads\/2024\/09\/Oswiadczenie-zgoda-na-przeporawdzenie-dokumentacji-zdjeciowej.pdf\" type=\"application\/pdf\" style=\"width:100%;height:200px\" aria-label=\"Embed of O\u015bwiadczenie zgoda na przeprowadzenie dokumentacji zdj\u0119ciowej.\"><\/object><a id=\"wp-block-file--media-233a5cfd-3cd6-4d82-bf06-3b2b365e3031\" href=\"http:\/\/kierunekaktywnosc.cityschool.pl\/wp-content\/uploads\/2024\/09\/Oswiadczenie-zgoda-na-przeporawdzenie-dokumentacji-zdjeciowej.pdf\">O\u015bwiadczenie zgoda na przeprowadzenie dokumentacji zdj\u0119ciowej<\/a><a href=\"http:\/\/kierunekaktywnosc.cityschool.pl\/wp-content\/uploads\/2024\/09\/Oswiadczenie-zgoda-na-przeporawdzenie-dokumentacji-zdjeciowej.pdf\" class=\"wp-block-file__button wp-element-button\" download aria-describedby=\"wp-block-file--media-233a5cfd-3cd6-4d82-bf06-3b2b365e3031\">Pobierz<\/a><\/div>\n\n\n\n<div data-wp-interactive=\"core\/file\" class=\"wp-block-file\"><object data-wp-bind--hidden=\"!state.hasPdfPreview\" hidden class=\"wp-block-file__embed\" data=\"http:\/\/kierunekaktywnosc.cityschool.pl\/wp-content\/uploads\/2024\/09\/Oswiadczenie-o-posiadanym-doswiadczeniu-zawodowym.pdf\" type=\"application\/pdf\" style=\"width:100%;height:200px\" aria-label=\"Embed of O\u015bwiadczenie o posiadanym do\u015bwiadczeniu zawodowym.\"><\/object><a id=\"wp-block-file--media-cee0eb40-3fe7-48c9-84fd-2c99ec3f6da8\" href=\"http:\/\/kierunekaktywnosc.cityschool.pl\/wp-content\/uploads\/2024\/09\/Oswiadczenie-o-posiadanym-doswiadczeniu-zawodowym.pdf\">O\u015bwiadczenie o posiadanym do\u015bwiadczeniu zawodowym<\/a><a href=\"http:\/\/kierunekaktywnosc.cityschool.pl\/wp-content\/uploads\/2024\/09\/Oswiadczenie-o-posiadanym-doswiadczeniu-zawodowym.pdf\" class=\"wp-block-file__button wp-element-button\" download aria-describedby=\"wp-block-file--media-cee0eb40-3fe7-48c9-84fd-2c99ec3f6da8\">Pobierz<\/a><\/div>\n\n\n\n<div data-wp-interactive=\"core\/file\" class=\"wp-block-file\"><object data-wp-bind--hidden=\"!state.hasPdfPreview\" hidden class=\"wp-block-file__embed\" data=\"http:\/\/kierunekaktywnosc.cityschool.pl\/wp-content\/uploads\/2024\/09\/Wniosek-o-zwrot-kosztow.pdf\" type=\"application\/pdf\" style=\"width:100%;height:200px\" aria-label=\"Embed of Wniosek o zwrot koszt\u00f3w dojazdu.\"><\/object><a id=\"wp-block-file--media-585b4723-4d35-45c6-bd3f-9d49a655c14b\" href=\"http:\/\/kierunekaktywnosc.cityschool.pl\/wp-content\/uploads\/2024\/09\/Wniosek-o-zwrot-kosztow.pdf\">Wniosek o zwrot koszt\u00f3w dojazdu<\/a><a href=\"http:\/\/kierunekaktywnosc.cityschool.pl\/wp-content\/uploads\/2024\/09\/Wniosek-o-zwrot-kosztow.pdf\" class=\"wp-block-file__button wp-element-button\" download aria-describedby=\"wp-block-file--media-585b4723-4d35-45c6-bd3f-9d49a655c14b\">Pobierz<\/a><\/div>\n\n\n\n\n\n<p>WYNIKI REKRUTACJI<\/p>\n\n\n\n<ul class=\"wp-block-list\">\n<li>Na etapie rekrutacji ka\u017cda osoba, kt\u00f3ra dostarczy\u0142a kompletne dokumenty zg\u0142oszeniowe otrzyma\u0142a numer porz\u0105dkowy. Na podstawie przydzielonych numer\u00f3w zostan\u0105 og\u0142oszone wyniki rekrutacji.<\/li>\n<\/ul>\n\n\n\n<p>Grupa 1: 1, 2, 3, 4, 5, 6, 7, 8, 9, 10, 11, 12<\/p>\n\n\n\n<p>Grupa 2: 13, 14, 15, 16, 17, 18, 19, 20, 21, 22, 23, 24<\/p>\n\n\n\n<p>Grupa 3: 25, 26, 27, 28, 29, 30, 31, 32, 33, 34, 35, 36<\/p>\n\n\n\n<p>Grupa 4: 37, 38, 39, 40, 41, 42, 43, 44, 45, 46, 47, 48<\/p>\n\n\n\n<p>Grupa 5: 49, 50, 51, 52, 53, 54, 55, 56, 57, 58, 59, 60<\/p>\n","protected":false},"excerpt":{"rendered":"<p>REKRUTACJA UCZESTNIK\u00d3W Rekrutacja uczestnik\u00f3w b\u0119dzie ci\u0105g\u0142a, bezpo\u015brednia, otwarta &nbsp;i rzetelna prowadzona na terenie woj. lubelskiego, &nbsp;w okresie od 08-12.2024 lub do momentu zrekrutowania 60 os\u00f3b. Grupa docelowa: Grup\u0119 docelow\u0105 projektu stanowi 60 os\u00f3b doros\u0142ych (36 kobiet, 24 m\u0119\u017cczyzn), wykluczonych spo\u0142ecznie lub zagro\u017conych ub\u00f3stwem\/ wykluczeniem spo\u0142ecznym, pozostaj\u0105cych bez zatrudnienia, mieszkaj\u0105cych na terenie WL w rozumieniu przepis\u00f3w &hellip; <a href=\"http:\/\/kierunekaktywnosc.cityschool.pl\/?page_id=15\" class=\"more-link\">Continue reading<span class=\"screen-reader-text\"> &#8220;REKRUTACJA&#8221;<\/span><\/a><\/p>\n","protected":false},"author":1,"featured_media":0,"parent":0,"menu_order":0,"comment_status":"closed","ping_status":"closed","template":"","meta":{"footnotes":""},"class_list":["post-15","page","type-page","status-publish","hentry"],"yoast_head":"<!-- This site is optimized with the Yoast SEO plugin v23.4 - https:\/\/yoast.com\/wordpress\/plugins\/seo\/ -->\n<title>REKRUTACJA - strona projektu<\/title>\n<meta name=\"robots\" content=\"index, follow, max-snippet:-1, max-image-preview:large, max-video-preview:-1\" \/>\n<link rel=\"canonical\" href=\"https:\/\/kierunekaktywnosc.cityschool.pl\/?page_id=15\" \/>\n<meta property=\"og:locale\" content=\"en_US\" \/>\n<meta property=\"og:type\" content=\"article\" \/>\n<meta property=\"og:title\" content=\"REKRUTACJA - strona projektu\" \/>\n<meta property=\"og:description\" content=\"REKRUTACJA UCZESTNIK\u00d3W Rekrutacja uczestnik\u00f3w b\u0119dzie ci\u0105g\u0142a, bezpo\u015brednia, otwarta &nbsp;i rzetelna prowadzona na terenie woj. lubelskiego, &nbsp;w okresie od 08-12.2024 lub do momentu zrekrutowania 60 os\u00f3b. Grupa docelowa: Grup\u0119 docelow\u0105 projektu stanowi 60 os\u00f3b doros\u0142ych (36 kobiet, 24 m\u0119\u017cczyzn), wykluczonych spo\u0142ecznie lub zagro\u017conych ub\u00f3stwem\/ wykluczeniem spo\u0142ecznym, pozostaj\u0105cych bez zatrudnienia, mieszkaj\u0105cych na terenie WL w rozumieniu przepis\u00f3w &hellip; Continue reading &quot;REKRUTACJA&quot;\" \/>\n<meta property=\"og:url\" content=\"https:\/\/kierunekaktywnosc.cityschool.pl\/?page_id=15\" \/>\n<meta property=\"og:site_name\" content=\"strona projektu\" \/>\n<meta property=\"article:modified_time\" content=\"2025-07-31T13:49:02+00:00\" \/>\n<meta name=\"twitter:card\" content=\"summary_large_image\" \/>\n<meta name=\"twitter:label1\" content=\"Est. reading time\" \/>\n\t<meta name=\"twitter:data1\" content=\"3 minutes\" \/>\n<script type=\"application\/ld+json\" class=\"yoast-schema-graph\">{\"@context\":\"https:\/\/schema.org\",\"@graph\":[{\"@type\":\"WebPage\",\"@id\":\"https:\/\/kierunekaktywnosc.cityschool.pl\/?page_id=15\",\"url\":\"https:\/\/kierunekaktywnosc.cityschool.pl\/?page_id=15\",\"name\":\"REKRUTACJA - strona projektu\",\"isPartOf\":{\"@id\":\"https:\/\/kierunekaktywnosc.cityschool.pl\/#website\"},\"datePublished\":\"2024-09-03T19:11:55+00:00\",\"dateModified\":\"2025-07-31T13:49:02+00:00\",\"breadcrumb\":{\"@id\":\"https:\/\/kierunekaktywnosc.cityschool.pl\/?page_id=15#breadcrumb\"},\"inLanguage\":\"en-US\",\"potentialAction\":[{\"@type\":\"ReadAction\",\"target\":[\"https:\/\/kierunekaktywnosc.cityschool.pl\/?page_id=15\"]}]},{\"@type\":\"BreadcrumbList\",\"@id\":\"https:\/\/kierunekaktywnosc.cityschool.pl\/?page_id=15#breadcrumb\",\"itemListElement\":[{\"@type\":\"ListItem\",\"position\":1,\"name\":\"Home\",\"item\":\"https:\/\/kierunekaktywnosc.cityschool.pl\/\"},{\"@type\":\"ListItem\",\"position\":2,\"name\":\"REKRUTACJA\"}]},{\"@type\":\"WebSite\",\"@id\":\"https:\/\/kierunekaktywnosc.cityschool.pl\/#website\",\"url\":\"https:\/\/kierunekaktywnosc.cityschool.pl\/\",\"name\":\"strona projektu\",\"description\":\"\u201eKierunek aktywno\u015b\u0107\u201d \",\"potentialAction\":[{\"@type\":\"SearchAction\",\"target\":{\"@type\":\"EntryPoint\",\"urlTemplate\":\"https:\/\/kierunekaktywnosc.cityschool.pl\/?s={search_term_string}\"},\"query-input\":{\"@type\":\"PropertyValueSpecification\",\"valueRequired\":true,\"valueName\":\"search_term_string\"}}],\"inLanguage\":\"en-US\"}]}<\/script>\n<!-- \/ Yoast SEO plugin. -->","yoast_head_json":{"title":"REKRUTACJA - strona projektu","robots":{"index":"index","follow":"follow","max-snippet":"max-snippet:-1","max-image-preview":"max-image-preview:large","max-video-preview":"max-video-preview:-1"},"canonical":"https:\/\/kierunekaktywnosc.cityschool.pl\/?page_id=15","og_locale":"en_US","og_type":"article","og_title":"REKRUTACJA - strona projektu","og_description":"REKRUTACJA UCZESTNIK\u00d3W Rekrutacja uczestnik\u00f3w b\u0119dzie ci\u0105g\u0142a, bezpo\u015brednia, otwarta &nbsp;i rzetelna prowadzona na terenie woj. lubelskiego, &nbsp;w okresie od 08-12.2024 lub do momentu zrekrutowania 60 os\u00f3b. Grupa docelowa: Grup\u0119 docelow\u0105 projektu stanowi 60 os\u00f3b doros\u0142ych (36 kobiet, 24 m\u0119\u017cczyzn), wykluczonych spo\u0142ecznie lub zagro\u017conych ub\u00f3stwem\/ wykluczeniem spo\u0142ecznym, pozostaj\u0105cych bez zatrudnienia, mieszkaj\u0105cych na terenie WL w rozumieniu przepis\u00f3w &hellip; Continue reading \"REKRUTACJA\"","og_url":"https:\/\/kierunekaktywnosc.cityschool.pl\/?page_id=15","og_site_name":"strona projektu","article_modified_time":"2025-07-31T13:49:02+00:00","twitter_card":"summary_large_image","twitter_misc":{"Est. reading time":"3 minutes"},"schema":{"@context":"https:\/\/schema.org","@graph":[{"@type":"WebPage","@id":"https:\/\/kierunekaktywnosc.cityschool.pl\/?page_id=15","url":"https:\/\/kierunekaktywnosc.cityschool.pl\/?page_id=15","name":"REKRUTACJA - strona projektu","isPartOf":{"@id":"https:\/\/kierunekaktywnosc.cityschool.pl\/#website"},"datePublished":"2024-09-03T19:11:55+00:00","dateModified":"2025-07-31T13:49:02+00:00","breadcrumb":{"@id":"https:\/\/kierunekaktywnosc.cityschool.pl\/?page_id=15#breadcrumb"},"inLanguage":"en-US","potentialAction":[{"@type":"ReadAction","target":["https:\/\/kierunekaktywnosc.cityschool.pl\/?page_id=15"]}]},{"@type":"BreadcrumbList","@id":"https:\/\/kierunekaktywnosc.cityschool.pl\/?page_id=15#breadcrumb","itemListElement":[{"@type":"ListItem","position":1,"name":"Home","item":"https:\/\/kierunekaktywnosc.cityschool.pl\/"},{"@type":"ListItem","position":2,"name":"REKRUTACJA"}]},{"@type":"WebSite","@id":"https:\/\/kierunekaktywnosc.cityschool.pl\/#website","url":"https:\/\/kierunekaktywnosc.cityschool.pl\/","name":"strona projektu","description":"\u201eKierunek aktywno\u015b\u0107\u201d ","potentialAction":[{"@type":"SearchAction","target":{"@type":"EntryPoint","urlTemplate":"https:\/\/kierunekaktywnosc.cityschool.pl\/?s={search_term_string}"},"query-input":{"@type":"PropertyValueSpecification","valueRequired":true,"valueName":"search_term_string"}}],"inLanguage":"en-US"}]}},"_links":{"self":[{"href":"http:\/\/kierunekaktywnosc.cityschool.pl\/index.php?rest_route=\/wp\/v2\/pages\/15","targetHints":{"allow":["GET"]}}],"collection":[{"href":"http:\/\/kierunekaktywnosc.cityschool.pl\/index.php?rest_route=\/wp\/v2\/pages"}],"about":[{"href":"http:\/\/kierunekaktywnosc.cityschool.pl\/index.php?rest_route=\/wp\/v2\/types\/page"}],"author":[{"embeddable":true,"href":"http:\/\/kierunekaktywnosc.cityschool.pl\/index.php?rest_route=\/wp\/v2\/users\/1"}],"replies":[{"embeddable":true,"href":"http:\/\/kierunekaktywnosc.cityschool.pl\/index.php?rest_route=%2Fwp%2Fv2%2Fcomments&post=15"}],"version-history":[{"count":12,"href":"http:\/\/kierunekaktywnosc.cityschool.pl\/index.php?rest_route=\/wp\/v2\/pages\/15\/revisions"}],"predecessor-version":[{"id":107,"href":"http:\/\/kierunekaktywnosc.cityschool.pl\/index.php?rest_route=\/wp\/v2\/pages\/15\/revisions\/107"}],"wp:attachment":[{"href":"http:\/\/kierunekaktywnosc.cityschool.pl\/index.php?rest_route=%2Fwp%2Fv2%2Fmedia&parent=15"}],"curies":[{"name":"wp","href":"https:\/\/api.w.org\/{rel}","templated":true}]}}